{"id":295,"date":"2025-03-14T11:52:18","date_gmt":"2025-03-14T10:52:18","guid":{"rendered":"https:\/\/euromassagehub.com\/?page_id=295"},"modified":"2025-06-19T10:07:48","modified_gmt":"2025-06-19T08:07:48","slug":"per-le-aziende","status":"publish","type":"page","link":"https:\/\/euromassagehub.com\/it\/per-le-aziende\/","title":{"rendered":"Per le aziende"},"content":{"rendered":"<div class=\"relative bg-cover bg-center py-24 text-center text-white\" style=\"background-image: url('https:\/\/euromassagehub.com\/wp-content\/uploads\/2024\/11\/massageheader.jpg');\">\n    <div class=\"absolute inset-0 bg-black opacity-30\"><\/div>\n    <div class=\"relative z-10 max-w-4xl mx-auto px-6\">\n<h1 class=\"text-5xl font-extrabold mb-4 text-white\">Fate crescere la vostra attivit\u00e0 di massaggiatori con EuroMassageHub<\/h1>\n        <p class=\"text-2xl font-semibold mb-6\">Attirate pi\u00f9 clienti, aumentate la vostra visibilit\u00e0 e incrementate le vostre prenotazioni.<\/p>\n        <a href=\"\/it\/determinazione-dei-prezzi\/\" class=\"btn-orange\">Iniziare<\/a>\n    <\/div>\n<\/div>\n\n\n\n<div style=\"height:50px\" aria-hidden=\"true\" class=\"wp-block-spacer\"><\/div>\n\n\n\n<p>Sei un <strong>proprietario di un salone di massaggi<\/strong> guardando a <strong>attirare pi\u00f9 clienti<\/strong>? EuroMassageHub aiuta i saloni di tutta Europa <strong>aumentare la visibilit\u00e0, ottenere pi\u00f9 prenotazioni e costruire la fiducia dei clienti<\/strong>.<\/p>\n\n\n\n<blockquote class=\"wp-block-quote is-layout-flow wp-block-quote-is-layout-flow\">\n<p>In qualit\u00e0 di titolari di un salone di massaggi, sapete bene quanto sia importante <strong>distinguersi<\/strong> in un mercato affollato. EuroMassageHub vi mette in contatto con clienti che cercano attivamente i vostri servizi, aiutandovi a <strong>aumentare la visibilit\u00e0<\/strong>, <strong>ottenere pi\u00f9 prenotazioni<\/strong>, e <strong>costruire la fiducia<\/strong> con i clienti.<\/p>\n<\/blockquote>\n\n\n\n<div class=\"max-w-5xl mx-auto grid grid-cols-1 sm:grid-cols-2 lg:grid-cols-3 gap-6 my-12 px-6\">\n    <div class=\"bg-white shadow-lg rounded-lg p-6\">\n        <h3 class=\"text-xl font-bold mb-2 text-green-600\">Pi\u00f9 clienti<\/h3>\n        <p>Migliaia di persone cercano quotidianamente saloni di massaggio.<\/p>\n    <\/div>\n    <div class=\"bg-white shadow-lg rounded-lg p-6\">\n        <h3 class=\"text-xl font-bold mb-2 text-blue-600\">\ud83d\udd0e Migliore visibilit\u00e0<\/h3>\n        <p>Apparire nelle ricerche locali e posizionarsi pi\u00f9 in alto rispetto ai concorrenti.<\/p>\n    <\/div>\n    <div class=\"bg-white shadow-lg rounded-lg p-6\">\n        <h3 class=\"text-xl font-bold mb-2 text-purple-600\">\ud83d\udce2 Aumentare la credibilit\u00e0<\/h3>\n        <p>Ottieni le recensioni dei clienti e un badge verificato.<\/p>\n    <\/div>\n    <div class=\"bg-white shadow-lg rounded-lg p-6\">\n        <h3 class=\"text-xl font-bold mb-2 text-pink-600\">\ud83d\udca5 Guidare pi\u00f9 prenotazioni<\/h3>\n        <p>Aggiungete un pulsante di prenotazione diretta e un link al vostro sito web.<\/p>\n    <\/div>\n    <div class=\"bg-white shadow-lg rounded-lg p-6\">\n        <h3 class=\"text-xl font-bold mb-2 text-red-600\">\ud83d\udcb8 Monetizzare il vostro salone<\/h3>\n        <p>Trasformare i visitatori in clienti paganti.<\/p>\n    <\/div>\n    <div class=\"bg-white shadow-lg rounded-lg p-6\">\n        <h3 class=\"text-xl font-bold mb-2 text-yellow-600\">\ud83d\udee0\ufe0f Gestione semplice<\/h3>\n        <p>Aggiornate il vostro annuncio in qualsiasi momento con il nostro dashboard di facile utilizzo.<\/p>\n    <\/div>\n<\/div>\n\n\n\n<p>Siete pronti a portare la vostra attivit\u00e0 al livello successivo? I nostri piani premium sono dotati di potenti funzionalit\u00e0 come badge verificati, recensioni dei clienti e link diretti per le prenotazioni: tutto ci\u00f2 di cui avete bisogno per <strong>massimizzare<\/strong> la vostra visibilit\u00e0 e <strong>crescere<\/strong> la vostra base di clienti.<\/p>\n\n\n\n<div class=\"bg-gradient-to-r from-yellow-400 to-orange-500 text-white py-12 text-center rounded-lg shadow-lg\">\n    <h2 class=\"text-3xl font-extrabold mb-4\">Siete pronti a far crescere la vostra attivit\u00e0?<\/h2>\n    <p class=\"text-lg mb-6\">Unitevi a EuroMassageHub e raggiungete ogni giorno migliaia di potenziali clienti.<\/p>\n    <a href=\"\/it\/determinazione-dei-prezzi\/\" class=\"btn-orange\">Richiedi il tuo annuncio<\/a>\n<\/div>\n\n\n\n<div style=\"height:50px\" aria-hidden=\"true\" class=\"wp-block-spacer\"><\/div>\n\n\n\n<p><strong>Siete pronti a sfruttare al meglio il vostro annuncio?<\/strong><br>Entrare a far parte di EuroMassageHub significa molto di pi\u00f9 di un semplice inserimento in una directory: si tratta di <strong>costruire il vostro marchio<\/strong>, <strong>raggiungere nuovi clienti<\/strong>, e <strong>far crescere la propria attivit\u00e0<\/strong>. Grazie a funzioni premium come le recensioni verificate, l'incremento SEO e il posizionamento prioritario, vi distinguerete dalla concorrenza e attirerete pi\u00f9 prenotazioni.<\/p>\n\n\n\n<div class=\"bg-gray-100 py-12 px-6 rounded-lg shadow-lg mt-12 max-w-5xl mx-auto\">\n    <h2 class=\"text-2xl font-extrabold text-gray-800 mb-6 text-center\">\ud83d\udee0\ufe0f Come funziona<\/h2>\n    <p class=\"text-gray-700 text-center max-w-3xl mx-auto mb-8\">\n        Inserire il proprio salone di massaggi su EuroMassageHub \u00e8 facile e veloce. Basta seguire questi semplici passaggi per iniziare e raggiungere migliaia di potenziali clienti.\n    <\/p>\n\n    <ul class=\"space-y-4 text-gray-700 text-lg max-w-3xl mx-auto\">\n        <li>1\ufe0f\u20e3 <strong>Iscriviti e aggiungi il tuo salone<\/strong> - Registrazione semplice e gratuita.<\/li>\n        <li>2\ufe0f\u20e3 <strong>Scegliere un piano di inserzione<\/strong> - Free, Premium o Featured per la massima visibilit\u00e0.<\/li>\n        <li>3\ufe0f\u20e3 <strong>Ottenere pi\u00f9 clienti<\/strong> - I clienti trovano e prenotano direttamente i vostri servizi.<\/li>\n    <\/ul>\n\n    <div class=\"mt-10 text-center space-y-4\">\n        <a href=\"\/it\/determinazione-dei-prezzi\/\" class=\"btn-orange\">Aggiornamento a Premium<\/a>\n        <a href=\"\/it\/claim-your-listing\/\" class=\"btn-orange\">Richiedi ora il tuo annuncio!<\/a>\n    <\/div>\n\n    <div class=\"mt-8 text-center text-gray-600 italic\">\n        Avete bisogno di una soluzione personalizzata? Offriamo la configurazione del sistema di prenotazione e l'integrazione con WhatsApp!\n    <\/div>\n<\/div>","protected":false},"excerpt":{"rendered":"<p>Grow Your Massage Business with EuroMassageHub Attract more clients, increase your visibility, and boost your bookings. Get Started Are you a massage salon owner looking to attract more clients? EuroMassageHub helps salons across Europe increase visibility, get more bookings, and build trust with customers. As a massage salon owner, you know how important it is&#8230;<\/p>","protected":false},"author":1,"featured_media":216,"parent":0,"menu_order":0,"comment_status":"closed","ping_status":"closed","template":"","meta":{"inline_featured_image":false,"_sitemap_exclude":false,"_sitemap_priority":"","_sitemap_frequency":"","_kad_blocks_custom_css":"","_kad_blocks_head_custom_js":"","_kad_blocks_body_custom_js":"","_kad_blocks_footer_custom_js":"","_kad_post_transparent":"default","_kad_post_title":"default","_kad_post_layout":"default","_kad_post_sidebar_id":"","_kad_post_content_style":"","_kad_post_vertical_padding":"","_kad_post_feature":"","_kad_post_feature_position":"","_kad_post_header":false,"_kad_post_footer":false,"footnotes":""},"class_list":["post-295","page","type-page","status-publish","has-post-thumbnail","hentry"],"taxonomy_info":[],"featured_image_src_large":["https:\/\/euromassagehub.com\/wp-content\/uploads\/2025\/03\/detailed-image-of-hands-pouring-lirene-massage-oil-ideal-for-beauty-and-wellness-themes.-29821654-1638x2048.jpg",819,1024,false],"author_info":{"display_name":"teknik@itess.se","author_link":"https:\/\/euromassagehub.com\/it\/profile\/teknikitess-se\/"},"comment_info":0,"_links":{"self":[{"href":"https:\/\/euromassagehub.com\/it\/wp-json\/wp\/v2\/pages\/295","targetHints":{"allow":["GET"]}}],"collection":[{"href":"https:\/\/euromassagehub.com\/it\/wp-json\/wp\/v2\/pages"}],"about":[{"href":"https:\/\/euromassagehub.com\/it\/wp-json\/wp\/v2\/types\/page"}],"author":[{"embeddable":true,"href":"https:\/\/euromassagehub.com\/it\/wp-json\/wp\/v2\/users\/1"}],"replies":[{"embeddable":true,"href":"https:\/\/euromassagehub.com\/it\/wp-json\/wp\/v2\/comments?post=295"}],"version-history":[{"count":23,"href":"https:\/\/euromassagehub.com\/it\/wp-json\/wp\/v2\/pages\/295\/revisions"}],"predecessor-version":[{"id":11745,"href":"https:\/\/euromassagehub.com\/it\/wp-json\/wp\/v2\/pages\/295\/revisions\/11745"}],"wp:featuredmedia":[{"embeddable":true,"href":"https:\/\/euromassagehub.com\/it\/wp-json\/wp\/v2\/media\/216"}],"wp:attachment":[{"href":"https:\/\/euromassagehub.com\/it\/wp-json\/wp\/v2\/media?parent=295"}],"curies":[{"name":"wp","href":"https:\/\/api.w.org\/{rel}","templated":true}]}}