{"id":295,"date":"2025-03-14T11:52:18","date_gmt":"2025-03-14T10:52:18","guid":{"rendered":"https:\/\/euromassagehub.com\/?page_id=295"},"modified":"2025-06-19T10:07:48","modified_gmt":"2025-06-19T08:07:48","slug":"pour-les-entreprises","status":"publish","type":"page","link":"https:\/\/euromassagehub.com\/fr\/pour-les-entreprises\/","title":{"rendered":"Pour les entreprises"},"content":{"rendered":"<div class=\"relative bg-cover bg-center py-24 text-center text-white\" style=\"background-image: url('https:\/\/euromassagehub.com\/wp-content\/uploads\/2024\/11\/massageheader.jpg');\">\n    <div class=\"absolute inset-0 bg-black opacity-30\"><\/div>\n    <div class=\"relative z-10 max-w-4xl mx-auto px-6\">\n<h1 class=\"text-5xl font-extrabold mb-4 text-white\">D\u00e9veloppez votre activit\u00e9 de massage avec EuroMassageHub<\/h1>\n        <p class=\"text-2xl font-semibold mb-6\">Attirez plus de clients, augmentez votre visibilit\u00e9 et augmentez vos r\u00e9servations.<\/p>\n        <a href=\"\/fr\/la-tarification\/\" class=\"btn-orange\">Commencer<\/a>\n    <\/div>\n<\/div>\n\n\n\n<div style=\"height:50px\" aria-hidden=\"true\" class=\"wp-block-spacer\"><\/div>\n\n\n\n<p>\u00cates-vous un <strong>propri\u00e9taire d'un salon de massage<\/strong> \u00e0 la recherche de <strong>attirer plus de clients<\/strong>? EuroMassageHub aide les salons de coiffure de toute l'Europe <strong>augmenter la visibilit\u00e9, obtenir plus de r\u00e9servations et \u00e9tablir une relation de confiance avec les clients<\/strong>.<\/p>\n\n\n\n<blockquote class=\"wp-block-quote is-layout-flow wp-block-quote-is-layout-flow\">\n<p>En tant que propri\u00e9taire d'un salon de massage, vous savez combien il est important de <strong>se d\u00e9marquer<\/strong> dans un march\u00e9 encombr\u00e9. EuroMassageHub vous met en contact avec des clients qui recherchent activement vos services, ce qui vous aide \u00e0 <strong>accro\u00eetre la visibilit\u00e9<\/strong>, <strong>Obtenir plus de r\u00e9servations<\/strong>et <strong>instaurer la confiance<\/strong> avec les clients.<\/p>\n<\/blockquote>\n\n\n\n<div class=\"max-w-5xl mx-auto grid grid-cols-1 sm:grid-cols-2 lg:grid-cols-3 gap-6 my-12 px-6\">\n    <div class=\"bg-white shadow-lg rounded-lg p-6\">\n        <h3 class=\"text-xl font-bold mb-2 text-green-600\">\u2705 Plus de clients<\/h3>\n        <p>Des milliers de personnes recherchent chaque jour des salons de massage.<\/p>\n    <\/div>\n    <div class=\"bg-white shadow-lg rounded-lg p-6\">\n        <h3 class=\"text-xl font-bold mb-2 text-blue-600\">\ud83d\udd0e Meilleure visibilit\u00e9<\/h3>\n        <p>Appara\u00eetre dans les recherches locales et \u00eatre mieux class\u00e9 que les concurrents.<\/p>\n    <\/div>\n    <div class=\"bg-white shadow-lg rounded-lg p-6\">\n        <h3 class=\"text-xl font-bold mb-2 text-purple-600\">\ud83d\udce2 Renforcer la cr\u00e9dibilit\u00e9<\/h3>\n        <p>Obtenir des avis de clients et un badge v\u00e9rifi\u00e9.<\/p>\n    <\/div>\n    <div class=\"bg-white shadow-lg rounded-lg p-6\">\n        <h3 class=\"text-xl font-bold mb-2 text-pink-600\">\ud83d\udca5 Augmenter les r\u00e9servations<\/h3>\n        <p>Ajoutez un bouton de r\u00e9servation directe et des liens vers votre site web.<\/p>\n    <\/div>\n    <div class=\"bg-white shadow-lg rounded-lg p-6\">\n        <h3 class=\"text-xl font-bold mb-2 text-red-600\">\ud83d\udcb8 Mon\u00e9tiser votre salon<\/h3>\n        <p>Transformez les visiteurs en clients payants.<\/p>\n    <\/div>\n    <div class=\"bg-white shadow-lg rounded-lg p-6\">\n        <h3 class=\"text-xl font-bold mb-2 text-yellow-600\">\ud83d\udee0\ufe0f Gestion facile<\/h3>\n        <p>Mettez \u00e0 jour votre liste \u00e0 tout moment gr\u00e2ce \u00e0 notre tableau de bord convivial.<\/p>\n    <\/div>\n<\/div>\n\n\n\n<p>Pr\u00eat \u00e0 faire passer votre entreprise au niveau sup\u00e9rieur ? Nos offres premium sont dot\u00e9es de fonctionnalit\u00e9s puissantes telles que des badges v\u00e9rifi\u00e9s, des avis de clients et des liens de r\u00e9servation directs - tout ce dont vous avez besoin pour <strong>maximiser<\/strong> votre visibilit\u00e9 et <strong>cro\u00eetre<\/strong> votre client\u00e8le.<\/p>\n\n\n\n<div class=\"bg-gradient-to-r from-yellow-400 to-orange-500 text-white py-12 text-center rounded-lg shadow-lg\">\n    <h2 class=\"text-3xl font-extrabold mb-4\">Pr\u00eat \u00e0 d\u00e9velopper votre entreprise ?<\/h2>\n    <p class=\"text-lg mb-6\">Rejoignez EuroMassageHub et atteignez des milliers de clients potentiels chaque jour.<\/p>\n    <a href=\"\/fr\/la-tarification\/\" class=\"btn-orange\">R\u00e9clamez votre inscription<\/a>\n<\/div>\n\n\n\n<div style=\"height:50px\" aria-hidden=\"true\" class=\"wp-block-spacer\"><\/div>\n\n\n\n<p><strong>Pr\u00eat \u00e0 tirer le meilleur parti de votre inscription ?<\/strong><br>Rejoindre EuroMassageHub, c'est plus qu'une simple place dans un annuaire - c'est <strong>construire votre marque<\/strong>, <strong>atteindre de nouveaux clients<\/strong>et <strong>la croissance de votre entreprise<\/strong>. Gr\u00e2ce \u00e0 des fonctionnalit\u00e9s premium telles que des avis v\u00e9rifi\u00e9s, des am\u00e9liorations du r\u00e9f\u00e9rencement et un placement prioritaire, vous vous d\u00e9marquerez de la concurrence et attirerez davantage de r\u00e9servations.<\/p>\n\n\n\n<div class=\"bg-gray-100 py-12 px-6 rounded-lg shadow-lg mt-12 max-w-5xl mx-auto\">\n    <h2 class=\"text-2xl font-extrabold text-gray-800 mb-6 text-center\">\ud83d\udee0\ufe0f Comment \u00e7a marche<\/h2>\n    <p class=\"text-gray-700 text-center max-w-3xl mx-auto mb-8\">\n        Inscrire votre salon de massage sur EuroMassageHub est simple et rapide. Il vous suffit de suivre les \u00e9tapes suivantes pour commencer et atteindre des milliers de clients potentiels.\n    <\/p>\n\n    <ul class=\"space-y-4 text-gray-700 text-lg max-w-3xl mx-auto\">\n        <li>1\ufe0f\u20e3 <strong>Inscrivez-vous et ajoutez votre salon<\/strong> - Inscription gratuite et facile.<\/li>\n        <li>2\ufe0f\u20e3 <strong>Choisir un plan d'inscription<\/strong> - Gratuit, Premium ou En vedette pour une visibilit\u00e9 maximale.<\/li>\n        <li>3\ufe0f\u20e3 <strong>Obtenir plus de clients<\/strong> - Les clients trouvent et r\u00e9servent directement vos services.<\/li>\n    <\/ul>\n\n    <div class=\"mt-10 text-center space-y-4\">\n        <a href=\"\/fr\/la-tarification\/\" class=\"btn-orange\">Passer \u00e0 la version Premium<\/a>\n        <a href=\"\/fr\/reclamez-votre-inscription\/\" class=\"btn-orange\">R\u00e9clamez votre inscription maintenant !<\/a>\n    <\/div>\n\n    <div class=\"mt-8 text-center text-gray-600 italic\">\n        Besoin d'une solution personnalis\u00e9e ? Nous proposons la mise en place d'un syst\u00e8me de r\u00e9servation et l'int\u00e9gration de WhatsApp !\n    <\/div>\n<\/div>","protected":false},"excerpt":{"rendered":"<p>Grow Your Massage Business with EuroMassageHub Attract more clients, increase your visibility, and boost your bookings. Get Started Are you a massage salon owner looking to attract more clients? EuroMassageHub helps salons across Europe increase visibility, get more bookings, and build trust with customers. As a massage salon owner, you know how important it is&#8230;<\/p>","protected":false},"author":1,"featured_media":216,"parent":0,"menu_order":0,"comment_status":"closed","ping_status":"closed","template":"","meta":{"inline_featured_image":false,"_sitemap_exclude":false,"_sitemap_priority":"","_sitemap_frequency":"","_kad_blocks_custom_css":"","_kad_blocks_head_custom_js":"","_kad_blocks_body_custom_js":"","_kad_blocks_footer_custom_js":"","_kad_post_transparent":"default","_kad_post_title":"default","_kad_post_layout":"default","_kad_post_sidebar_id":"","_kad_post_content_style":"","_kad_post_vertical_padding":"","_kad_post_feature":"","_kad_post_feature_position":"","_kad_post_header":false,"_kad_post_footer":false,"footnotes":""},"class_list":["post-295","page","type-page","status-publish","has-post-thumbnail","hentry"],"taxonomy_info":[],"featured_image_src_large":["https:\/\/euromassagehub.com\/wp-content\/uploads\/2025\/03\/detailed-image-of-hands-pouring-lirene-massage-oil-ideal-for-beauty-and-wellness-themes.-29821654-1638x2048.jpg",819,1024,false],"author_info":{"display_name":"teknik@itess.se","author_link":"https:\/\/euromassagehub.com\/fr\/profile\/teknikitess-se\/"},"comment_info":0,"_links":{"self":[{"href":"https:\/\/euromassagehub.com\/fr\/wp-json\/wp\/v2\/pages\/295","targetHints":{"allow":["GET"]}}],"collection":[{"href":"https:\/\/euromassagehub.com\/fr\/wp-json\/wp\/v2\/pages"}],"about":[{"href":"https:\/\/euromassagehub.com\/fr\/wp-json\/wp\/v2\/types\/page"}],"author":[{"embeddable":true,"href":"https:\/\/euromassagehub.com\/fr\/wp-json\/wp\/v2\/users\/1"}],"replies":[{"embeddable":true,"href":"https:\/\/euromassagehub.com\/fr\/wp-json\/wp\/v2\/comments?post=295"}],"version-history":[{"count":23,"href":"https:\/\/euromassagehub.com\/fr\/wp-json\/wp\/v2\/pages\/295\/revisions"}],"predecessor-version":[{"id":11745,"href":"https:\/\/euromassagehub.com\/fr\/wp-json\/wp\/v2\/pages\/295\/revisions\/11745"}],"wp:featuredmedia":[{"embeddable":true,"href":"https:\/\/euromassagehub.com\/fr\/wp-json\/wp\/v2\/media\/216"}],"wp:attachment":[{"href":"https:\/\/euromassagehub.com\/fr\/wp-json\/wp\/v2\/media?parent=295"}],"curies":[{"name":"wp","href":"https:\/\/api.w.org\/{rel}","templated":true}]}}