{"id":3,"date":"2024-11-25T16:44:05","date_gmt":"2024-11-25T16:44:05","guid":{"rendered":"http:\/\/euromassagehub.com\/?page_id=3"},"modified":"2025-05-09T00:07:31","modified_gmt":"2025-05-08T22:07:31","slug":"politica-de-privacidad","status":"publish","type":"page","link":"https:\/\/euromassagehub.com\/es\/politica-de-privacidad\/","title":{"rendered":"Pol\u00edtica de privacidad"},"content":{"rendered":"<h2 class=\"wp-block-heading\"><strong>Pol\u00edtica de privacidad de EuroMassageHub<\/strong><\/h2>\n\n\n\n<p><strong>Fecha de entrada en vigor:<\/strong> 20250508<\/p>\n\n\n\n<p>Bienvenido a EuroMassageHub, un servicio proporcionado por Itess Sweden AB. Proteger su informaci\u00f3n personal es importante para nosotros. Esta Pol\u00edtica de Privacidad explica c\u00f3mo recopilamos, utilizamos, divulgamos y protegemos su informaci\u00f3n cuando visita nuestro sitio web, euromassagehub.com (el \"Sitio\"), utiliza nuestros servicios o participa en nuestra comunidad.<\/p>\n\n\n\n<hr class=\"wp-block-separator has-alpha-channel-opacity\"\/>\n\n\n\n<h3 class=\"wp-block-heading\"><strong>1. Qui\u00e9nes somos<\/strong><\/h3>\n\n\n\n<p>La direcci\u00f3n de nuestro sitio web es: <a><strong>https:\/\/euromassagehub.com<\/strong><\/a>.<\/p>\n\n\n\n<p>EuroMassageHub es propiedad y est\u00e1 gestionado por <strong>Itess Suecia AB<\/strong>una empresa sueca. Nuestro objetivo es proporcionar un directorio completo de salones de masaje de toda Europa, ayudando a los usuarios a encontrar y conectar con servicios de masaje profesionales.<\/p>\n\n\n\n<hr class=\"wp-block-separator has-alpha-channel-opacity\"\/>\n\n\n\n<h3 class=\"wp-block-heading\"><strong>2. Datos que recopilamos y por qu\u00e9<\/strong><\/h3>\n\n\n\n<h4 class=\"wp-block-heading\"><strong>2.1. Comentarios<\/strong><\/h4>\n\n\n\n<p>Cuando los visitantes dejan comentarios en el sitio, recopilamos los datos que aparecen en el formulario de comentarios, as\u00ed como la direcci\u00f3n IP del visitante y la cadena de agentes de usuario del navegador para ayudar a detectar el spam.<\/p>\n\n\n\n<p>Una cadena an\u00f3nima creada a partir de su direcci\u00f3n de correo electr\u00f3nico (tambi\u00e9n llamada hash) puede ser proporcionada al servicio Gravatar para saber si usted la est\u00e1 utilizando. La pol\u00edtica de privacidad del servicio Gravatar est\u00e1 disponible aqu\u00ed: <a href=\"https:\/\/automattic.com\/privacy\/\" target=\"_blank\" rel=\"noopener\">https:\/\/automattic.com\/privacy\/<\/a>. Tras la aprobaci\u00f3n de su comentario, su foto de perfil podr\u00e1 ser visible al p\u00fablico en el contexto de su comentario.<\/p>\n\n\n\n<h4 class=\"wp-block-heading\"><strong>2.2. Medios de comunicaci\u00f3n<\/strong><\/h4>\n\n\n\n<p>Si subes im\u00e1genes al sitio web, debes evitar subir im\u00e1genes con datos de localizaci\u00f3n incrustados (EXIF GPS) incluidos. Los visitantes del sitio web pueden descargar y extraer cualquier dato de localizaci\u00f3n de las im\u00e1genes del sitio web.<\/p>\n\n\n\n<h4 class=\"wp-block-heading\"><strong>2.3. Cookies<\/strong><\/h4>\n\n\n\n<p>Si deja un comentario en nuestro sitio, puede optar por guardar su nombre, direcci\u00f3n de correo electr\u00f3nico y sitio web en cookies. Esto es para su comodidad, para que no tenga que volver a rellenar sus datos cuando deje otro comentario. Estas cookies durar\u00e1n un a\u00f1o.<\/p>\n\n\n\n<p>Si visita nuestra p\u00e1gina de inicio de sesi\u00f3n, instalaremos una cookie temporal para determinar si su navegador acepta cookies. Esta cookie no contiene datos personales y se desecha al cerrar el navegador.<\/p>\n\n\n\n<p>Cuando inicie sesi\u00f3n, tambi\u00e9n instalaremos varias cookies para guardar su informaci\u00f3n de inicio de sesi\u00f3n y sus opciones de visualizaci\u00f3n en pantalla. Las cookies de inicio de sesi\u00f3n duran dos d\u00edas, y las de opciones de pantalla, un a\u00f1o. Si selecciona \"Recordarme\", sus datos de acceso permanecer\u00e1n durante dos semanas. Si cierra la sesi\u00f3n de su cuenta, se eliminar\u00e1n las cookies de inicio de sesi\u00f3n.<\/p>\n\n\n\n<p>Si edita o publica un art\u00edculo, se guardar\u00e1 una cookie adicional en su navegador. Esta cookie no incluye datos personales y simplemente indica el ID de publicaci\u00f3n del art\u00edculo que acaba de editar. Caduca al cabo de 1 d\u00eda.<\/p>\n\n\n\n<h4 class=\"wp-block-heading\"><strong>2.4. Contenido incrustado de otros sitios web<\/strong><\/h4>\n\n\n\n<p>Los art\u00edculos de este sitio pueden incluir contenido incrustado (por ejemplo, v\u00eddeos, im\u00e1genes, art\u00edculos, etc.). El contenido incrustado de otros sitios web se comporta exactamente igual que si el visitante hubiera visitado el otro sitio web. Estos sitios web externos pueden recopilar datos sobre usted, utilizar cookies, incrustar seguimiento adicional de terceros y supervisar su interacci\u00f3n con el contenido incrustado, incluido el seguimiento de su interacci\u00f3n si tiene una cuenta y ha iniciado sesi\u00f3n en ese sitio web.<\/p>\n\n\n\n<hr class=\"wp-block-separator has-alpha-channel-opacity\"\/>\n\n\n\n<h3 class=\"wp-block-heading\"><strong>3. Con qui\u00e9n compartimos sus datos<\/strong><\/h3>\n\n\n\n<p>Si solicita un restablecimiento de contrase\u00f1a, su direcci\u00f3n IP se incluir\u00e1 en el correo electr\u00f3nico de restablecimiento. Adem\u00e1s, los comentarios de los visitantes pueden ser revisados a trav\u00e9s de un servicio automatizado de detecci\u00f3n de spam.<\/p>\n\n\n\n<hr class=\"wp-block-separator has-alpha-channel-opacity\"\/>\n\n\n\n<h3 class=\"wp-block-heading\"><strong>4. Cu\u00e1nto tiempo conservamos sus datos<\/strong><\/h3>\n\n\n\n<p>Si deja un comentario, el comentario y sus metadatos se conservan indefinidamente. Esto nos permite reconocer y aprobar autom\u00e1ticamente cualquier comentario de seguimiento en lugar de retenerlos en una cola de moderaci\u00f3n.<\/p>\n\n\n\n<p>En el caso de los usuarios que se registran en nuestro sitio web (si los hay), almacenamos la informaci\u00f3n personal facilitada en su perfil de usuario. Todos los usuarios pueden ver, editar o borrar su informaci\u00f3n personal en cualquier momento (excepto que no pueden cambiar su nombre de usuario). Los administradores del sitio web tambi\u00e9n pueden ver y editar esa informaci\u00f3n.<\/p>\n\n\n\n<hr class=\"wp-block-separator has-alpha-channel-opacity\"\/>\n\n\n\n<h3 class=\"wp-block-heading\"><strong>5. Qu\u00e9 derechos tiene sobre sus datos<\/strong><\/h3>\n\n\n\n<p>Si tiene una cuenta en este sitio o ha dejado comentarios, puede solicitar que le enviemos un archivo exportado de los datos personales que tenemos sobre usted, incluidos los que nos haya facilitado. Tambi\u00e9n puede solicitar que borremos cualquier dato personal que tengamos sobre usted. Esto no incluye los datos que estamos obligados a conservar con fines administrativos, legales o de seguridad.<\/p>\n\n\n\n<hr class=\"wp-block-separator has-alpha-channel-opacity\"\/>\n\n\n\n<h3 class=\"wp-block-heading\"><strong>6. D\u00f3nde se env\u00edan sus datos<\/strong><\/h3>\n\n\n\n<p>Los comentarios de los visitantes pueden ser controlados por un servicio automatizado de detecci\u00f3n de spam.<\/p>\n\n\n\n<hr class=\"wp-block-separator has-alpha-channel-opacity\"\/>\n\n\n\n<h3 class=\"wp-block-heading\"><strong>7. An\u00e1lisis y mapas<\/strong><\/h3>\n\n\n\n<p>Utilizamos Google Analytics para recopilar informaci\u00f3n an\u00f3nima sobre c\u00f3mo interact\u00faan los visitantes con nuestro sitio. Esto nos ayuda a analizar el tr\u00e1fico del sitio y mejorar nuestros servicios. Google Analytics utiliza cookies para recopilar informaci\u00f3n, y puede leer m\u00e1s sobre su pol\u00edtica de privacidad <a>aqu\u00ed<\/a>.<\/p>\n\n\n\n<p>Tambi\u00e9n utilizamos los servicios de Google Maps para proporcionar informaci\u00f3n sobre la ubicaci\u00f3n de los salones de masaje que aparecen en la lista. El uso de Google Maps puede recopilar su direcci\u00f3n IP y datos de localizaci\u00f3n. Consulte <a>Pol\u00edtica de privacidad de Google<\/a> para m\u00e1s informaci\u00f3n.<\/p>\n\n\n\n<hr class=\"wp-block-separator has-alpha-channel-opacity\"\/>\n\n\n\n<h3 class=\"wp-block-heading\"><strong>8. Contacto<\/strong><\/h3>\n\n\n\n<p>Si tiene alguna pregunta o duda sobre nuestras pr\u00e1cticas de privacidad, p\u00f3ngase en contacto con nosotros:<\/p>\n\n\n\n<p><strong>Itess Suecia AB<\/strong><br>Correo electr\u00f3nico: <a href=\"mailto:info@euromassagehub.com\">info@euromassagehub.com<\/a><br>P\u00e1gina web: <a href=\"https:\/\/euromassagehub.com\/es\/\">https:\/\/itess.se<\/a><\/p>\n\n\n\n<p><\/p>","protected":false},"excerpt":{"rendered":"<p>Privacy Policy for EuroMassageHub Effective Date: 20250508 Welcome to EuroMassageHub, a service provided by Itess Sweden AB. Protecting your personal information is important to us. This Privacy Policy explains how we collect, use, disclose, and safeguard your information when you visit our website, euromassagehub.com (the \u201cSite\u201d), use our services, or engage with our community. 1&#8230;.<\/p>","protected":false},"author":1,"featured_media":0,"parent":0,"menu_order":0,"comment_status":"closed","ping_status":"open","template":"","meta":{"inline_featured_image":false,"_sitemap_exclude":false,"_sitemap_priority":"","_sitemap_frequency":"","_kad_blocks_custom_css":"","_kad_blocks_head_custom_js":"","_kad_blocks_body_custom_js":"","_kad_blocks_footer_custom_js":"","_kad_post_transparent":"","_kad_post_title":"","_kad_post_layout":"","_kad_post_sidebar_id":"","_kad_post_content_style":"","_kad_post_vertical_padding":"","_kad_post_feature":"","_kad_post_feature_position":"","_kad_post_header":false,"_kad_post_footer":false,"footnotes":""},"class_list":["post-3","page","type-page","status-publish","hentry"],"taxonomy_info":[],"featured_image_src_large":false,"author_info":{"display_name":"teknik@itess.se","author_link":"https:\/\/euromassagehub.com\/es\/profile\/teknikitess-se\/"},"comment_info":0,"_links":{"self":[{"href":"https:\/\/euromassagehub.com\/es\/wp-json\/wp\/v2\/pages\/3","targetHints":{"allow":["GET"]}}],"collection":[{"href":"https:\/\/euromassagehub.com\/es\/wp-json\/wp\/v2\/pages"}],"about":[{"href":"https:\/\/euromassagehub.com\/es\/wp-json\/wp\/v2\/types\/page"}],"author":[{"embeddable":true,"href":"https:\/\/euromassagehub.com\/es\/wp-json\/wp\/v2\/users\/1"}],"replies":[{"embeddable":true,"href":"https:\/\/euromassagehub.com\/es\/wp-json\/wp\/v2\/comments?post=3"}],"version-history":[{"count":1,"href":"https:\/\/euromassagehub.com\/es\/wp-json\/wp\/v2\/pages\/3\/revisions"}],"predecessor-version":[{"id":11758,"href":"https:\/\/euromassagehub.com\/es\/wp-json\/wp\/v2\/pages\/3\/revisions\/11758"}],"wp:attachment":[{"href":"https:\/\/euromassagehub.com\/es\/wp-json\/wp\/v2\/media?parent=3"}],"curies":[{"name":"wp","href":"https:\/\/api.w.org\/{rel}","templated":true}]}}