{"id":11743,"date":"2025-05-08T21:24:50","date_gmt":"2025-05-08T19:24:50","guid":{"rendered":"https:\/\/euromassagehub.com\/?page_id=11743"},"modified":"2025-05-08T21:32:36","modified_gmt":"2025-05-08T19:32:36","slug":"reclame-su-anuncio","status":"publish","type":"page","link":"https:\/\/euromassagehub.com\/es\/reclame-su-anuncio\/","title":{"rendered":"Reclame su anuncio"},"content":{"rendered":"<div class=\"max-w-4xl mx-auto py-16 px-6 text-center\">\n    <h1 class=\"text-4xl font-extrabold text-gray-900 mb-8\">\ud83d\udcdd Reclama tu anuncio<\/h1>\n    <p class=\"text-lg text-gray-700 mb-12\">\n        Encuentra tu sal\u00f3n de masajes en nuestro directorio y reclama tu ficha para desbloquear funciones premium, gestionar opiniones y atraer a m\u00e1s clientes.\n    <\/p>\n\n    <form action=\"\/es\/busque-en\/\" method=\"get\" class=\"max-w-lg mx-auto mb-12\" data-trp-original-action=\"\/search\">\n        <input type=\"text\" name=\"s\" placeholder=\"Introduzca el nombre o la ubicaci\u00f3n de su sal\u00f3n\" class=\"w-full p-4 rounded-lg shadow-sm border-gray-300 focus:outline-none focus:ring-2 focus:ring-orange-500\">\n        <button type=\"submit\" class=\"btn-orange mt-4 w-full\">Buscar mi sal\u00f3n<\/button>\n    <input type=\"hidden\" name=\"trp-form-language\" value=\"es\"\/><\/form>\n\n    <p class=\"text-gray-600 italic\">\n        \u00bfNo encuentra su sal\u00f3n? <a href=\"https:\/\/euromassagehub.com\/es\/anadir-listado\/lugares\/\" class=\"text-orange-600 hover:underline\">A\u00f1\u00e1delo aqu\u00ed<\/a> gratis.\n    <\/p>\n<\/div>","protected":false},"excerpt":{"rendered":"<p>\ud83d\udcdd Claim Your Listing Find your massage salon in our directory and claim your listing to unlock premium features, manage reviews, and attract more clients. Find My Salon Can&#8217;t find your salon? Add it here for free.<\/p>","protected":false},"author":1,"featured_media":0,"parent":0,"menu_order":0,"comment_status":"closed","ping_status":"closed","template":"","meta":{"inline_featured_image":false,"_sitemap_exclude":false,"_sitemap_priority":"","_sitemap_frequency":"","_kad_blocks_custom_css":"","_kad_blocks_head_custom_js":"","_kad_blocks_body_custom_js":"","_kad_blocks_footer_custom_js":"","_kad_post_transparent":"","_kad_post_title":"","_kad_post_layout":"","_kad_post_sidebar_id":"","_kad_post_content_style":"","_kad_post_vertical_padding":"","_kad_post_feature":"","_kad_post_feature_position":"","_kad_post_header":false,"_kad_post_footer":false,"footnotes":""},"class_list":["post-11743","page","type-page","status-publish","hentry"],"taxonomy_info":[],"featured_image_src_large":false,"author_info":{"display_name":"teknik@itess.se","author_link":"https:\/\/euromassagehub.com\/es\/profile\/teknikitess-se\/"},"comment_info":0,"_links":{"self":[{"href":"https:\/\/euromassagehub.com\/es\/wp-json\/wp\/v2\/pages\/11743","targetHints":{"allow":["GET"]}}],"collection":[{"href":"https:\/\/euromassagehub.com\/es\/wp-json\/wp\/v2\/pages"}],"about":[{"href":"https:\/\/euromassagehub.com\/es\/wp-json\/wp\/v2\/types\/page"}],"author":[{"embeddable":true,"href":"https:\/\/euromassagehub.com\/es\/wp-json\/wp\/v2\/users\/1"}],"replies":[{"embeddable":true,"href":"https:\/\/euromassagehub.com\/es\/wp-json\/wp\/v2\/comments?post=11743"}],"version-history":[{"count":2,"href":"https:\/\/euromassagehub.com\/es\/wp-json\/wp\/v2\/pages\/11743\/revisions"}],"predecessor-version":[{"id":11748,"href":"https:\/\/euromassagehub.com\/es\/wp-json\/wp\/v2\/pages\/11743\/revisions\/11748"}],"wp:attachment":[{"href":"https:\/\/euromassagehub.com\/es\/wp-json\/wp\/v2\/media?parent=11743"}],"curies":[{"name":"wp","href":"https:\/\/api.w.org\/{rel}","templated":true}]}}