{"id":295,"date":"2025-03-14T11:52:18","date_gmt":"2025-03-14T10:52:18","guid":{"rendered":"https:\/\/euromassagehub.com\/?page_id=295"},"modified":"2025-06-19T10:07:48","modified_gmt":"2025-06-19T08:07:48","slug":"for-virksomheder","status":"publish","type":"page","link":"https:\/\/euromassagehub.com\/da\/for-virksomheder\/","title":{"rendered":"For virksomheder"},"content":{"rendered":"<div class=\"relative bg-cover bg-center py-24 text-center text-white\" style=\"background-image: url('https:\/\/euromassagehub.com\/wp-content\/uploads\/2024\/11\/massageheader.jpg');\">\n    <div class=\"absolute inset-0 bg-black opacity-30\"><\/div>\n    <div class=\"relative z-10 max-w-4xl mx-auto px-6\">\n<h1 class=\"text-5xl font-extrabold mb-4 text-white\">F\u00e5 din massagevirksomhed til at vokse med EuroMassageHub<\/h1>\n        <p class=\"text-2xl font-semibold mb-6\">Tiltr\u00e6k flere kunder, \u00f8g din synlighed, og s\u00e6t skub i dine bookinger.<\/p>\n        <a href=\"\/da\/prisfastsaettelse\/\" class=\"btn-orange\">Kom godt i gang<\/a>\n    <\/div>\n<\/div>\n\n\n\n<div style=\"height:50px\" aria-hidden=\"true\" class=\"wp-block-spacer\"><\/div>\n\n\n\n<p>Er du en <strong>ejer af massagesalon<\/strong> p\u00e5 udkig efter <strong>tiltr\u00e6kke flere kunder<\/strong>? EuroMassageHub hj\u00e6lper saloner i hele Europa <strong>\u00f8g synligheden, f\u00e5 flere bookinger og opbyg tillid hos kunderne<\/strong>.<\/p>\n\n\n\n<blockquote class=\"wp-block-quote is-layout-flow wp-block-quote-is-layout-flow\">\n<p>Som ejer af en massagesalon ved du, hvor vigtigt det er at <strong>skille sig ud<\/strong> p\u00e5 et overfyldt marked. EuroMassageHub forbinder dig med kunder, der aktivt leder efter dine tjenester, og hj\u00e6lper dig med at <strong>\u00f8ge synligheden<\/strong>, <strong>F\u00e5 flere bookinger<\/strong>og <strong>opbygge tillid<\/strong> med kunderne.<\/p>\n<\/blockquote>\n\n\n\n<div class=\"max-w-5xl mx-auto grid grid-cols-1 sm:grid-cols-2 lg:grid-cols-3 gap-6 my-12 px-6\">\n    <div class=\"bg-white shadow-lg rounded-lg p-6\">\n        <h3 class=\"text-xl font-bold mb-2 text-green-600\">\u2705 Flere kunder<\/h3>\n        <p>Tusindvis af mennesker s\u00f8ger dagligt efter massagesaloner.<\/p>\n    <\/div>\n    <div class=\"bg-white shadow-lg rounded-lg p-6\">\n        <h3 class=\"text-xl font-bold mb-2 text-blue-600\">\ud83d\udd0e Bedre synlighed<\/h3>\n        <p>Vises i lokale s\u00f8gninger og rangerer h\u00f8jere end konkurrenterne.<\/p>\n    <\/div>\n    <div class=\"bg-white shadow-lg rounded-lg p-6\">\n        <h3 class=\"text-xl font-bold mb-2 text-purple-600\">\ud83d\udce2 \u00d8g trov\u00e6rdigheden<\/h3>\n        <p>F\u00e5 kundeanmeldelser og et verificeret badge.<\/p>\n    <\/div>\n    <div class=\"bg-white shadow-lg rounded-lg p-6\">\n        <h3 class=\"text-xl font-bold mb-2 text-pink-600\">\ud83d\udca5 F\u00e5 flere bookinger<\/h3>\n        <p>Tilf\u00f8j en knap til direkte booking og links til din hjemmeside.<\/p>\n    <\/div>\n    <div class=\"bg-white shadow-lg rounded-lg p-6\">\n        <h3 class=\"text-xl font-bold mb-2 text-red-600\">\ud83d\udcb8 Tjen penge p\u00e5 din salon<\/h3>\n        <p>G\u00f8r bes\u00f8gende til betalende kunder.<\/p>\n    <\/div>\n    <div class=\"bg-white shadow-lg rounded-lg p-6\">\n        <h3 class=\"text-xl font-bold mb-2 text-yellow-600\">\ud83d\udee0\ufe0f Nem administration<\/h3>\n        <p>Opdater din liste n\u00e5r som helst med vores brugervenlige dashboard.<\/p>\n    <\/div>\n<\/div>\n\n\n\n<p>Er du klar til at tage din virksomhed til n\u00e6ste niveau? Vores premium-abonnementer kommer med st\u00e6rke funktioner som verificerede badges, kundeanmeldelser og direkte bookinglinks - alt, hvad du beh\u00f8ver for at <strong>maksimere<\/strong> din synlighed og <strong>vokse<\/strong> din kundebase.<\/p>\n\n\n\n<div class=\"bg-gradient-to-r from-yellow-400 to-orange-500 text-white py-12 text-center rounded-lg shadow-lg\">\n    <h2 class=\"text-3xl font-extrabold mb-4\">Klar til at skabe v\u00e6kst i din virksomhed?<\/h2>\n    <p class=\"text-lg mb-6\">Bliv medlem af EuroMassageHub og n\u00e5 ud til tusindvis af potentielle kunder hver dag.<\/p>\n    <a href=\"\/da\/prisfastsaettelse\/\" class=\"btn-orange\">G\u00f8r krav p\u00e5 din liste<\/a>\n<\/div>\n\n\n\n<div style=\"height:50px\" aria-hidden=\"true\" class=\"wp-block-spacer\"><\/div>\n\n\n\n<p><strong>Er du klar til at f\u00e5 mest muligt ud af din liste?<\/strong><br>At blive medlem af EuroMassageHub betyder mere end bare en plads i et katalog - det handler om <strong>opbygning af dit brand<\/strong>, <strong>N\u00e5 ud til nye kunder<\/strong>og <strong>v\u00e6kst i din virksomhed<\/strong>. Med premiumfunktioner som verificerede anmeldelser, SEO-boosts og prioriteret placering skiller du dig ud fra konkurrenterne og tiltr\u00e6kker flere bookinger.<\/p>\n\n\n\n<div class=\"bg-gray-100 py-12 px-6 rounded-lg shadow-lg mt-12 max-w-5xl mx-auto\">\n    <h2 class=\"text-2xl font-extrabold text-gray-800 mb-6 text-center\">\ud83d\udee0\ufe0f S\u00e5dan fungerer det<\/h2>\n    <p class=\"text-gray-700 text-center max-w-3xl mx-auto mb-8\">\n        Det er hurtigt og nemt at registrere din massagesalon p\u00e5 EuroMassageHub. Bare f\u00f8lg disse enkle trin for at komme i gang og n\u00e5 ud til tusindvis af potentielle kunder.\n    <\/p>\n\n    <ul class=\"space-y-4 text-gray-700 text-lg max-w-3xl mx-auto\">\n        <li>1\ufe0f\u20e3 <strong>Tilmeld dig og tilf\u00f8j din salon<\/strong> - Gratis og nem registrering.<\/li>\n        <li>2\ufe0f\u20e3 <strong>V\u00e6lg en listeplan<\/strong> - Gratis, Premium eller Fremh\u00e6vet for maksimal synlighed.<\/li>\n        <li>3\ufe0f\u20e3 <strong>F\u00e5 flere kunder<\/strong> - Kunderne finder og booker dine tjenester direkte.<\/li>\n    <\/ul>\n\n    <div class=\"mt-10 text-center space-y-4\">\n        <a href=\"\/da\/prisfastsaettelse\/\" class=\"btn-orange\">Opgrader til Premium<\/a>\n        <a href=\"\/da\/gor-krav-pa-din-liste\/\" class=\"btn-orange\">G\u00f8r krav p\u00e5 din liste nu!<\/a>\n    <\/div>\n\n    <div class=\"mt-8 text-center text-gray-600 italic\">\n        Brug for en skr\u00e6ddersyet l\u00f8sning? Vi tilbyder ops\u00e6tning af bookingsystem og WhatsApp-integration!\n    <\/div>\n<\/div>","protected":false},"excerpt":{"rendered":"<p>Grow Your Massage Business with EuroMassageHub Attract more clients, increase your visibility, and boost your bookings. Get Started Are you a massage salon owner looking to attract more clients? EuroMassageHub helps salons across Europe increase visibility, get more bookings, and build trust with customers. As a massage salon owner, you know how important it is&#8230;<\/p>","protected":false},"author":1,"featured_media":216,"parent":0,"menu_order":0,"comment_status":"closed","ping_status":"closed","template":"","meta":{"inline_featured_image":false,"_sitemap_exclude":false,"_sitemap_priority":"","_sitemap_frequency":"","_kad_blocks_custom_css":"","_kad_blocks_head_custom_js":"","_kad_blocks_body_custom_js":"","_kad_blocks_footer_custom_js":"","_kad_post_transparent":"default","_kad_post_title":"default","_kad_post_layout":"default","_kad_post_sidebar_id":"","_kad_post_content_style":"","_kad_post_vertical_padding":"","_kad_post_feature":"","_kad_post_feature_position":"","_kad_post_header":false,"_kad_post_footer":false,"footnotes":""},"class_list":["post-295","page","type-page","status-publish","has-post-thumbnail","hentry"],"taxonomy_info":[],"featured_image_src_large":["https:\/\/euromassagehub.com\/wp-content\/uploads\/2025\/03\/detailed-image-of-hands-pouring-lirene-massage-oil-ideal-for-beauty-and-wellness-themes.-29821654-1638x2048.jpg",819,1024,false],"author_info":{"display_name":"teknik@itess.se","author_link":"https:\/\/euromassagehub.com\/da\/profile\/teknikitess-se\/"},"comment_info":0,"_links":{"self":[{"href":"https:\/\/euromassagehub.com\/da\/wp-json\/wp\/v2\/pages\/295","targetHints":{"allow":["GET"]}}],"collection":[{"href":"https:\/\/euromassagehub.com\/da\/wp-json\/wp\/v2\/pages"}],"about":[{"href":"https:\/\/euromassagehub.com\/da\/wp-json\/wp\/v2\/types\/page"}],"author":[{"embeddable":true,"href":"https:\/\/euromassagehub.com\/da\/wp-json\/wp\/v2\/users\/1"}],"replies":[{"embeddable":true,"href":"https:\/\/euromassagehub.com\/da\/wp-json\/wp\/v2\/comments?post=295"}],"version-history":[{"count":23,"href":"https:\/\/euromassagehub.com\/da\/wp-json\/wp\/v2\/pages\/295\/revisions"}],"predecessor-version":[{"id":11745,"href":"https:\/\/euromassagehub.com\/da\/wp-json\/wp\/v2\/pages\/295\/revisions\/11745"}],"wp:featuredmedia":[{"embeddable":true,"href":"https:\/\/euromassagehub.com\/da\/wp-json\/wp\/v2\/media\/216"}],"wp:attachment":[{"href":"https:\/\/euromassagehub.com\/da\/wp-json\/wp\/v2\/media?parent=295"}],"curies":[{"name":"wp","href":"https:\/\/api.w.org\/{rel}","templated":true}]}}